{"id":121,"date":"2026-01-30T17:00:39","date_gmt":"2026-01-30T17:00:39","guid":{"rendered":"https:\/\/easarte.com\/?page_id=121"},"modified":"2026-03-05T03:23:04","modified_gmt":"2026-03-05T03:23:04","slug":"alejandro-sordo","status":"publish","type":"page","link":"https:\/\/easarte.com\/en\/","title":{"rendered":"Alejandro Sordo"},"content":{"rendered":"<div data-elementor-type=\"wp-page\" data-elementor-id=\"121\" class=\"elementor elementor-121\" data-elementor-post-type=\"page\">\n\t\t\t\t\t\t<section class=\"elementor-section elementor-top-section elementor-element elementor-element-eb06853 elementor-section-boxed elementor-section-height-default elementor-section-height-default\" data-id=\"eb06853\" data-element_type=\"section\" data-e-type=\"section\">\n\t\t\t\t\t\t<div class=\"elementor-container elementor-column-gap-default\">\n\t\t\t\t\t<div class=\"elementor-column elementor-col-100 elementor-top-column elementor-element elementor-element-82ca79c\" data-id=\"82ca79c\" data-element_type=\"column\" data-e-type=\"column\">\n\t\t\t<div class=\"elementor-widget-wrap elementor-element-populated\">\n\t\t\t\t\t\t<div class=\"elementor-element elementor-element-92327e0 elementor-widget elementor-widget-html\" data-id=\"92327e0\" data-element_type=\"widget\" data-e-type=\"widget\" data-widget_type=\"html.default\">\n\t\t\t\t\t<!DOCTYPE html>\r\n<html lang=\"es\">\r\n<head>\r\n<meta charset=\"UTF-8\">\r\n<meta name=\"viewport\" content=\"width=device-width, initial-scale=1.0\">\r\n<title>Alejandro Sordo | UMBRA|ES<\/title>\r\n<link rel=\"preconnect\" href=\"https:\/\/fonts.googleapis.com\">\r\n<link rel=\"preconnect\" href=\"https:\/\/fonts.gstatic.com\" crossorigin>\r\n<link href=\"https:\/\/fonts.googleapis.com\/css2?family=DM+Sans:opsz,wght@9..40,300;400;500;700&display=swap\" rel=\"stylesheet\">\r\n\r\n<style>\r\n    \/* --- 1. CONFIGURACI\u00d3N TIPOGR\u00c1FICA --- *\/\r\n    \r\n    \/* FUENTE CODE: Aplicamos BOLD forzado a todos los elementos de titulaci\u00f3n *\/\r\n    h1, h2, h3, h4, \r\n    .curator-name,\r\n    .role-tag, \r\n    .signature-block, \r\n    .bio-main-title,\r\n    .bio-subtitle {\r\n        font-family: 'CODE', 'Helvetica', sans-serif !important;\r\n        text-transform: uppercase;\r\n        \/* CAMBIO: Negritas forzadas para mayor impacto *\/\r\n        font-weight: bold !important; \r\n        letter-spacing: 2px;\r\n    }\r\n\r\n    \/* DM Sans para cuerpos de texto *\/\r\n    body, p, .bio-text {\r\n        font-family: 'DM Sans', sans-serif !important;\r\n        color: #111;\r\n        margin: 0;\r\n    }\r\n\r\n    \/* --- 2. SECCI\u00d3N HERO (PORTADA LIMPIA) --- *\/\r\n    .curator-hero {\r\n        display: flex;\r\n        min-height: 90vh; \r\n        width: 100%;\r\n        background-color: #fff;\r\n        border-bottom: 2px solid #000;\r\n        overflow: hidden;\r\n    }\r\n\r\n    \/* Columna Texto Hero *\/\r\n    .text-col {\r\n        flex: 0.8; \r\n        padding: 60px;\r\n        display: flex;\r\n        flex-direction: column;\r\n        justify-content: center;\r\n        position: relative;\r\n        z-index: 2;\r\n        background: #fff;\r\n    }\r\n\r\n    .hero-line {\r\n        width: 60px;\r\n        height: 4px;\r\n        background-color: #000;\r\n        margin-bottom: 30px;\r\n    }\r\n\r\n    .role-tag {\r\n        font-size: 1rem;\r\n        color: #666;\r\n        letter-spacing: 4px;\r\n        margin-bottom: 20px;\r\n        display: block;\r\n    }\r\n\r\n    .curator-name {\r\n        font-size: 4.5rem; \r\n        line-height: 0.9;\r\n        color: #000;\r\n        margin: 0 0 40px 0;\r\n    }\r\n\r\n    .signature-block {\r\n        \/* Ajuste de margen al no haber extracto *\/\r\n        margin-top: 40px; \r\n        font-size: 0.9rem;\r\n        color: #888;\r\n        letter-spacing: 1px;\r\n    }\r\n\r\n    \/* Columna Imagen Hero *\/\r\n    .image-col {\r\n        flex: 1.2; \r\n        position: relative;\r\n        height: auto;\r\n        background-color: #fff; \r\n    }\r\n\r\n    .curator-img {\r\n        width: 100%;\r\n        height: 100%;\r\n        object-fit: cover;\r\n        object-position: top center;\r\n        display: block;\r\n        filter: grayscale(100%);\r\n        transition: filter 0.5s ease;\r\n    }\r\n\r\n    .image-col:hover .curator-img {\r\n        filter: grayscale(0%);\r\n    }\r\n\r\n    \/* --- 3. NUEVA SECCI\u00d3N: TRAYECTORIA --- *\/\r\n    .bio-full-section {\r\n        padding: 100px 20px;\r\n        background-color: #fff;\r\n        max-width: 900px; \/* Ancho optimizado para lectura *\/\r\n        margin: 0 auto;\r\n    }\r\n\r\n    .bio-header {\r\n        margin-bottom: 60px;\r\n        text-align: center;\r\n        border-bottom: 1px solid #eee;\r\n        padding-bottom: 30px;\r\n    }\r\n\r\n    .bio-main-title {\r\n        font-size: 2.5rem;\r\n        margin: 0;\r\n        color: #000;\r\n    }\r\n\r\n    \/* Bloques de texto *\/\r\n    .bio-block {\r\n        margin-bottom: 50px;\r\n    }\r\n\r\n    .bio-subtitle {\r\n        font-size: 1.2rem;\r\n        color: #000;\r\n        margin-bottom: 20px;\r\n        display: block;\r\n        border-left: 4px solid #000;\r\n        padding-left: 15px;\r\n    }\r\n\r\n    .bio-text {\r\n        font-size: 1.05rem;\r\n        line-height: 1.8; \r\n        color: #333;\r\n        text-align: justify;\r\n        margin-bottom: 20px;\r\n    }\r\n\r\n    \/* --- RESPONSIVE --- *\/\r\n    @media (max-width: 900px) {\r\n        .curator-hero { flex-direction: column; height: auto; }\r\n        .text-col { padding: 50px 20px; width: 100%; flex: none; }\r\n        .image-col { width: 100%; height: 550px; flex: none; }\r\n        .curator-name { font-size: 3.5rem; }\r\n        \r\n        .bio-full-section { padding: 60px 20px; }\r\n        .bio-main-title { font-size: 2rem; }\r\n    }\r\n<\/style>\r\n<\/head>\r\n<body>\r\n\r\n    <div class=\"curator-hero\">\r\n        \r\n        <div class=\"text-col\">\r\n            <div class=\"hero-line\"><\/div>\r\n            \r\n            <span class=\"role-tag\">CURATOR &amp; RESEARCHER<\/span>\r\n            \r\n            <h1 class=\"curator-name\">\r\n                ALEXANDER<br>\r\n                DEAF\r\n            <\/h1>\r\n\r\n            <div class=\"signature-block\">\r\n                CURATORIAL DIRECTOR \u2014 UMBRA|ES\r\n            <\/div>\r\n        <\/div>\r\n\r\n        <div class=\"image-col\">\r\n            <img decoding=\"async\" src=\"https:\/\/easarte.com\/wp-content\/uploads\/2026\/01\/ASG-2097.webp\" alt=\"Alejandro Sordo Curador\" class=\"curator-img\">\r\n        <\/div>\r\n\r\n    <\/div>\r\n\r\n    <section class=\"bio-full-section\">\r\n        \r\n        <div class=\"bio-header\">\r\n            <h2 class=\"bio-main-title\">PATH<\/h2>\r\n        <\/div>\r\n\r\n        <div class=\"bio-block\">\r\n            <span class=\"bio-subtitle\">VISION AND TRAINING<\/span>\r\n            <p class=\"bio-text\">\r\n                Alejandro Sordo Guzm\u00e1n is a curator, cultural manager, and director of artistic projects with a solid track record in modern and contemporary art in Mexico and internationally. His practice is characterized by the articulation of critical thinking, curatorial vision, and a deep understanding of the symbolic, aesthetic, and human processes involved in artistic creation.\r\n            <\/p>\r\n            <p class=\"bio-text\">\r\n                He holds a degree in International Relations from UNAM and McGill University, and a master&#039;s degree in Modern and Contemporary Art Studies. For over a decade, he has worked on the development of exhibitions, publications, archives, marketing strategies, and art legacy projects, combining intellectual rigor with a sensitive and contemporary perspective.\r\n            <\/p>\r\n        <\/div>\r\n\r\n        <div class=\"bio-block\">\r\n            <span class=\"bio-subtitle\">ARTISTIC DIRECTION AND MANAGEMENT<\/span>\r\n            <p class=\"bio-text\">\r\n                For over thirteen years, he was curator, editor, and director of the Pedro Friedeberg Studio, where he coordinated national and international exhibitions, key publishing projects, museum installations, and institutional collaborations. During this time, he developed extensive experience in the comprehensive management of artists: from production and curatorial discourse to the circulation of artworks, the art market, and the long-term development of cultural value.\r\n            <\/p>\r\n            <p class=\"bio-text\">\r\n                In parallel, Alejandro has developed independent projects that cross art, design, symbolic thought and sensory experience, as well as editorial, curatorial and exhibition initiatives that question traditional exhibition formats and promote new forms of encounter between work, spectator and context.\r\n            <\/p>\r\n        <\/div>\r\n\r\n        <div class=\"bio-block\">\r\n            <span class=\"bio-subtitle\">THRESHOLD|ES: ART AS EXPERIENCE<\/span>\r\n            <p class=\"bio-text\">\r\n                In 2026, it was founded <strong>THRESHOLD|ES<\/strong>, a contemporary art fair conceived not as a conventional collective exhibition, but as a set of individual exhibitions brought together under a common curatorial vision.\r\n            <\/p>\r\n            <p class=\"bio-text\">\r\n                As director and general curator of the fair, Alejandro proposes Umbrales as a space of transit: a place where art functions as an experience, as a perceptual threshold and as a technology of consciousness.\r\n            <\/p>\r\n            <p class=\"bio-text\">\r\n                UMBRAL|ES reflects his conviction that contemporary art is not only contemplated, but experienced; not only explained, but lived. From this perspective, Alejandro Sordo Guzm\u00e1n promotes projects that seek depth, conceptual clarity, and an honest relationship between creation, thought, and contemporary sensibility.\r\n            <\/p>\r\n        <\/div>\r\n\r\n    <\/section>\r\n\r\n<\/body>\r\n<\/html>\t\t\t\t<\/div>\n\t\t\t\t\t<\/div>\n\t\t<\/div>\n\t\t\t\t\t<\/div>\n\t\t<\/section>\n\t\t\t\t<section class=\"elementor-section elementor-top-section elementor-element elementor-element-ff400c4 elementor-section-height-min-height elementor-section-boxed elementor-section-height-default elementor-section-items-middle\" data-id=\"ff400c4\" data-element_type=\"section\" data-e-type=\"section\">\n\t\t\t\t\t\t<div class=\"elementor-container elementor-column-gap-default\">\n\t\t\t\t\t<div class=\"elementor-column elementor-col-50 elementor-top-column elementor-element elementor-element-78231a7\" data-id=\"78231a7\" data-element_type=\"column\" data-e-type=\"column\">\n\t\t\t<div class=\"elementor-widget-wrap elementor-element-populated\">\n\t\t\t\t\t\t<div class=\"elementor-element elementor-element-0b6bde9 elementor-widget elementor-widget-heading\" data-id=\"0b6bde9\" data-element_type=\"widget\" data-e-type=\"widget\" data-widget_type=\"heading.default\">\n\t\t\t\t\t<h2 class=\"elementor-heading-title elementor-size-default\">Sonnet of the Exposed Threshold\n<\/h2>\t\t\t\t<\/div>\n\t\t\t\t<div class=\"elementor-element elementor-element-77dfa5c elementor-widget-divider--view-line elementor-widget elementor-widget-divider\" data-id=\"77dfa5c\" data-element_type=\"widget\" data-e-type=\"widget\" data-widget_type=\"divider.default\">\n\t\t\t\t\t\t\t<div class=\"elementor-divider\">\n\t\t\t<span class=\"elementor-divider-separator\">\n\t\t\t\t\t\t<\/span>\n\t\t<\/div>\n\t\t\t\t\t\t<\/div>\n\t\t\t\t<div class=\"elementor-element elementor-element-ac9c1d8 elementor-widget elementor-widget-text-editor\" data-id=\"ac9c1d8\" data-element_type=\"widget\" data-e-type=\"widget\" data-widget_type=\"text-editor.default\">\n\t\t\t\t\t\t\t\t\t<p>Within these walls, art opens the wound, not as a closure, but as a passage; each work is a threshold, a pulse and a stroke where form trembles, offered up. The gallery is a transit, not a farewell: eye and matter embrace, and time, suspended in clear twilight, becomes a thinking and shared light. Here there is no fixed center or judgment, only tense, ablaze presences, watching themselves being born in the experience. To cross the fair is to cross other lives: each gaze founds a consciousness, and art happens there, when you decide.<\/p>\t\t\t\t\t\t\t\t<\/div>\n\t\t\t\t\t<\/div>\n\t\t<\/div>\n\t\t\t\t<div class=\"elementor-column elementor-col-50 elementor-top-column elementor-element elementor-element-74ab101\" data-id=\"74ab101\" data-element_type=\"column\" data-e-type=\"column\" data-settings=\"{&quot;background_background&quot;:&quot;classic&quot;}\">\n\t\t\t<div class=\"elementor-widget-wrap elementor-element-populated\">\n\t\t\t\t\t\t<div class=\"elementor-element elementor-element-d32e03c elementor-widget elementor-widget-spacer\" data-id=\"d32e03c\" data-element_type=\"widget\" data-e-type=\"widget\" data-widget_type=\"spacer.default\">\n\t\t\t\t\t\t\t<div class=\"elementor-spacer\">\n\t\t\t<div class=\"elementor-spacer-inner\"><\/div>\n\t\t<\/div>\n\t\t\t\t\t\t<\/div>\n\t\t\t\t\t<\/div>\n\t\t<\/div>\n\t\t\t\t\t<\/div>\n\t\t<\/section>\n\t\t\t\t<\/div>","protected":false},"excerpt":{"rendered":"<p>Alejandro Sordo | UMBRA|ES CURADOR &#038; INVESTIGADOR ALEJANDRO SORDO DIRECTOR CURATORIAL \u2014 UMBRA|ES TRAYECTORIA VISI\u00d3N Y FORMACI\u00d3N Alejandro Sordo Guzm\u00e1n es curador, gestor cultural y director de proyectos art\u00edsticos con una trayectoria s\u00f3lida en el arte moderno y contempor\u00e1neo en M\u00e9xico e internacionalmente. Su pr\u00e1ctica se caracteriza por articular pensamiento cr\u00edtico, visi\u00f3n curatorial y una [&hellip;]<\/p>\n","protected":false},"author":1,"featured_media":0,"parent":0,"menu_order":0,"comment_status":"closed","ping_status":"closed","template":"","meta":{"footnotes":""},"class_list":["post-121","page","type-page","status-publish","hentry"],"_links":{"self":[{"href":"https:\/\/easarte.com\/en\/wp-json\/wp\/v2\/pages\/121","targetHints":{"allow":["GET"]}}],"collection":[{"href":"https:\/\/easarte.com\/en\/wp-json\/wp\/v2\/pages"}],"about":[{"href":"https:\/\/easarte.com\/en\/wp-json\/wp\/v2\/types\/page"}],"author":[{"embeddable":true,"href":"https:\/\/easarte.com\/en\/wp-json\/wp\/v2\/users\/1"}],"replies":[{"embeddable":true,"href":"https:\/\/easarte.com\/en\/wp-json\/wp\/v2\/comments?post=121"}],"version-history":[{"count":40,"href":"https:\/\/easarte.com\/en\/wp-json\/wp\/v2\/pages\/121\/revisions"}],"predecessor-version":[{"id":2135,"href":"https:\/\/easarte.com\/en\/wp-json\/wp\/v2\/pages\/121\/revisions\/2135"}],"wp:attachment":[{"href":"https:\/\/easarte.com\/en\/wp-json\/wp\/v2\/media?parent=121"}],"curies":[{"name":"wp","href":"https:\/\/api.w.org\/{rel}","templated":true}]}}