{"id":958,"date":"2026-02-04T21:00:26","date_gmt":"2026-02-04T21:00:26","guid":{"rendered":"https:\/\/easarte.com\/?page_id=958"},"modified":"2026-03-11T15:41:56","modified_gmt":"2026-03-11T15:41:56","slug":"servicios-para-coleccionistas","status":"publish","type":"page","link":"https:\/\/easarte.com\/en\/servicios-para-coleccionistas\/","title":{"rendered":"Services for Collectors"},"content":{"rendered":"<div data-elementor-type=\"wp-page\" data-elementor-id=\"958\" class=\"elementor elementor-958\" data-elementor-post-type=\"page\">\n\t\t\t\t\t\t<section class=\"elementor-section elementor-top-section elementor-element elementor-element-4399b6d elementor-section-boxed elementor-section-height-default elementor-section-height-default\" data-id=\"4399b6d\" data-element_type=\"section\" data-e-type=\"section\">\n\t\t\t\t\t\t<div class=\"elementor-container elementor-column-gap-default\">\n\t\t\t\t\t<div class=\"elementor-column elementor-col-100 elementor-top-column elementor-element elementor-element-65af83e\" data-id=\"65af83e\" data-element_type=\"column\" data-e-type=\"column\">\n\t\t\t<div class=\"elementor-widget-wrap elementor-element-populated\">\n\t\t\t\t\t\t<div class=\"elementor-element elementor-element-db02552 elementor-widget elementor-widget-html\" data-id=\"db02552\" data-element_type=\"widget\" data-e-type=\"widget\" data-widget_type=\"html.default\">\n\t\t\t\t\t<style>\r\n    \/* --- SECCI\u00d3N COLECCIONISTAS (SISTEMA MAESTRO EAS) --- *\/\r\n    .section-collectors { \r\n        padding: var(--pad-section) 0; \r\n        background: var(--bg-color); \r\n        border-bottom: 1px solid var(--line-color);\r\n    }\r\n\r\n    .header-vanguard {\r\n        font-family: var(--font-head);\r\n        font-size: clamp(3rem, 6vw, 4.5rem);\r\n        font-weight: 800;\r\n        text-transform: uppercase;\r\n        letter-spacing: -0.02em;\r\n        color: var(--text-primary);\r\n        margin-bottom: 80px;\r\n        border-left: 8px solid var(--line-color);\r\n        padding-left: 30px;\r\n        line-height: 1;\r\n    }\r\n\r\n    .grid-services { \r\n        display: grid; \r\n        grid-template-columns: 1fr 1fr; \r\n        gap: clamp(40px, 6vw, 80px); \r\n    }\r\n\r\n    .service-box h3 {\r\n        font-family: var(--font-head);\r\n        font-weight: 700;\r\n        text-transform: uppercase;\r\n        font-size: 1.3rem;\r\n        margin-bottom: 20px;\r\n        color: var(--text-primary);\r\n        letter-spacing: -0.01em;\r\n    }\r\n\r\n    .service-box p { \r\n        font-family: var(--font-body);\r\n        font-size: 1.05rem; \r\n        color: var(--text-secondary); \r\n        margin-bottom: 20px; \r\n        line-height: 1.6;\r\n        max-width: 90%;\r\n    }\r\n\r\n    .list-items { \r\n        font-family: var(--font-body);\r\n        list-style: none; \r\n        padding-left: 0; \r\n        color: var(--text-primary); \r\n        font-size: 0.95rem; \r\n    }\r\n\r\n    .list-items li { \r\n        margin-bottom: 10px; \r\n        position: relative;\r\n        padding-left: 20px;\r\n        line-height: 1.4;\r\n    }\r\n\r\n    \/* Vi\u00f1etas cuadradas minimalistas en CSS *\/\r\n    .list-items li::before {\r\n        content: '';\r\n        position: absolute;\r\n        left: 0;\r\n        top: 6px;\r\n        width: 6px;\r\n        height: 6px;\r\n        background-color: var(--line-color);\r\n    }\r\n\r\n    .image-gallery-break { \r\n        width: 100%; \r\n        height: clamp(300px, 40vh, 500px); \r\n        \/* CORRECCI\u00d3N APLICADA AQU\u00cd: top center \/ cover no-repeat *\/\r\n        background: url('https:\/\/easarte.com\/wp-content\/uploads\/2026\/02\/ASG-2426.webp') top center \/ cover no-repeat;\r\n        filter: grayscale(100%); \r\n        margin-top: clamp(60px, 8vw, 100px);\r\n        transition: filter 0.5s ease;\r\n    }\r\n\r\n    \/* Efecto hover consistente con el resto del sitio *\/\r\n    .image-gallery-break:hover {\r\n        filter: grayscale(0%);\r\n    }\r\n\r\n    \/* Responsive *\/\r\n    @media (max-width: 768px) {\r\n        .grid-services { grid-template-columns: 1fr; gap: 50px; }\r\n        .header-vanguard { \r\n            border-left-width: 4px; \r\n            padding-left: 20px; \r\n            margin-bottom: 60px;\r\n        }\r\n        .service-box p { max-width: 100%; }\r\n    }\r\n<\/style>\r\n\r\n<section class=\"section-collectors\">\r\n    <div class=\"container\">\r\n        <h2 class=\"header-vanguard\">Collectors<\/h2>\r\n        <div class=\"grid-services\">\r\n            <div class=\"service-box\">\r\n                <h3>01 Strategic Consulting<\/h3>\r\n                <p>Support for the construction and consolidation of collections with a focus on historical and economic value.<\/p>\r\n                <ul class=\"list-items\">\r\n                    <li>Definition of curatorial guidelines<\/li>\r\n                    <li>Procurement consulting (primary and secondary)<\/li>\r\n                    <li>Market research and positioning<\/li>\r\n                <\/ul>\r\n            <\/div>\r\n            <div class=\"service-box\">\r\n                <h3>02 Asset Structure<\/h3>\r\n                <p>Creation of robust archiving and documentation systems to ensure the traceability of the collection.<\/p>\r\n                <ul class=\"list-items\">\r\n                    <li>Reasoned inventories and technical data sheets<\/li>\r\n                    <li>Digitization and heritage databases<\/li>\r\n                    <li>Professional documentation systems<\/li>\r\n                <\/ul>\r\n            <\/div>\r\n            <div class=\"service-box\">\r\n                <h3>03 Editorial Projects<\/h3>\r\n                <p>Publishing as a means of legitimization. We produce high-quality publications for private collections.<\/p>\r\n                <ul class=\"list-items\">\r\n                    <li>Collection catalogs and monographs<\/li>\r\n                    <li>Curatorial and critical texts<\/li>\r\n                <\/ul>\r\n            <\/div>\r\n            <div class=\"service-box\">\r\n                <h3>04 Value Management<\/h3>\r\n                <p>Strategies for inserting the collection into public and institutional narratives.<\/p>\r\n                <ul class=\"list-items\">\r\n                    <li>Strategic curatorships and loans<\/li>\r\n                    <li>Heritage visibility design<\/li>\r\n                <\/ul>\r\n            <\/div>\r\n        <\/div>\r\n    <\/div>\r\n<\/section>\t\t\t\t<\/div>\n\t\t\t\t\t<\/div>\n\t\t<\/div>\n\t\t\t\t\t<\/div>\n\t\t<\/section>\n\t\t\t\t<\/div>","protected":false},"excerpt":{"rendered":"<p>Coleccionistas 01 Consultor\u00eda Estrat\u00e9gica Acompa\u00f1amiento para la construcci\u00f3n y consolidaci\u00f3n de colecciones con enfoque en valor hist\u00f3rico y econ\u00f3mico. Definici\u00f3n de l\u00edneas curatoriales Asesor\u00eda en adquisiciones (primario y secundario) Lectura de mercado y posicionamiento 02 Estructura Patrimonial Creaci\u00f3n de sistemas s\u00f3lidos de archivo y documentaci\u00f3n para asegurar la trazabilidad del acervo. Inventarios razonados y fichas [&hellip;]<\/p>\n","protected":false},"author":1,"featured_media":0,"parent":0,"menu_order":0,"comment_status":"closed","ping_status":"closed","template":"","meta":{"footnotes":""},"class_list":["post-958","page","type-page","status-publish","hentry"],"_links":{"self":[{"href":"https:\/\/easarte.com\/en\/wp-json\/wp\/v2\/pages\/958","targetHints":{"allow":["GET"]}}],"collection":[{"href":"https:\/\/easarte.com\/en\/wp-json\/wp\/v2\/pages"}],"about":[{"href":"https:\/\/easarte.com\/en\/wp-json\/wp\/v2\/types\/page"}],"author":[{"embeddable":true,"href":"https:\/\/easarte.com\/en\/wp-json\/wp\/v2\/users\/1"}],"replies":[{"embeddable":true,"href":"https:\/\/easarte.com\/en\/wp-json\/wp\/v2\/comments?post=958"}],"version-history":[{"count":13,"href":"https:\/\/easarte.com\/en\/wp-json\/wp\/v2\/pages\/958\/revisions"}],"predecessor-version":[{"id":2285,"href":"https:\/\/easarte.com\/en\/wp-json\/wp\/v2\/pages\/958\/revisions\/2285"}],"wp:attachment":[{"href":"https:\/\/easarte.com\/en\/wp-json\/wp\/v2\/media?parent=958"}],"curies":[{"name":"wp","href":"https:\/\/api.w.org\/{rel}","templated":true}]}}