{"id":963,"date":"2026-02-04T21:01:16","date_gmt":"2026-02-04T21:01:16","guid":{"rendered":"https:\/\/easarte.com\/?page_id=963"},"modified":"2026-03-05T03:40:01","modified_gmt":"2026-03-05T03:40:01","slug":"legado-y-sucesiones","status":"publish","type":"page","link":"https:\/\/easarte.com\/en\/legado-y-sucesiones\/","title":{"rendered":"Legacy and Succession"},"content":{"rendered":"<div data-elementor-type=\"wp-page\" data-elementor-id=\"963\" class=\"elementor elementor-963\" data-elementor-post-type=\"page\">\n\t\t\t\t\t\t<section class=\"elementor-section elementor-top-section elementor-element elementor-element-a5a4d8d elementor-section-boxed elementor-section-height-default elementor-section-height-default\" data-id=\"a5a4d8d\" data-element_type=\"section\" data-e-type=\"section\">\n\t\t\t\t\t\t<div class=\"elementor-container elementor-column-gap-default\">\n\t\t\t\t\t<div class=\"elementor-column elementor-col-100 elementor-top-column elementor-element elementor-element-b6af7a3\" data-id=\"b6af7a3\" data-element_type=\"column\" data-e-type=\"column\">\n\t\t\t<div class=\"elementor-widget-wrap elementor-element-populated\">\n\t\t\t\t\t\t<div class=\"elementor-element elementor-element-31289bc elementor-widget elementor-widget-html\" data-id=\"31289bc\" data-element_type=\"widget\" data-e-type=\"widget\" data-widget_type=\"html.default\">\n\t\t\t\t\t<style>\r\n    \/* --- SECCI\u00d3N LEGADO (SISTEMA MAESTRO EAS) --- *\/\r\n    .section-legacy { \r\n        padding: var(--pad-section) 0;\r\n        border-bottom: 1px solid var(--line-color);\r\n        background: var(--bg-color);\r\n    }\r\n    \r\n    .legacy-flex { \r\n        display: grid; \r\n        grid-template-columns: 1fr 1fr;\r\n        gap: clamp(40px, 6vw, 100px);\r\n        align-items: center;\r\n    }\r\n    \r\n    .legacy-img-container {\r\n        height: 100%;\r\n        max-height: 800px;\r\n        overflow: hidden;\r\n    }\r\n\r\n    .legacy-img-full {\r\n        width: 100%;\r\n        height: 100%;\r\n        object-fit: cover;\r\n        filter: grayscale(100%);\r\n        transition: filter 0.5s ease;\r\n    }\r\n\r\n    .legacy-img-container:hover .legacy-img-full {\r\n        filter: grayscale(0%);\r\n    }\r\n\r\n    .legacy-content h2 { \r\n        font-family: var(--font-head);\r\n        font-size: clamp(2.5rem, 5vw, 4.5rem); \r\n        line-height: 0.9; \r\n        margin-bottom: 50px; \r\n        text-transform: uppercase;\r\n        letter-spacing: -0.02em;\r\n        color: var(--text-primary);\r\n    }\r\n    \r\n    .legacy-block { \r\n        margin-bottom: 35px; \r\n        border-top: 2px solid var(--line-color); \r\n        padding-top: 20px; \r\n    }\r\n    \r\n    .legacy-block h4 { \r\n        font-family: var(--font-head);\r\n        font-size: 1.1rem; \r\n        letter-spacing: 0.05em; \r\n        margin-bottom: 10px;\r\n        text-transform: uppercase;\r\n        color: var(--text-primary);\r\n    }\r\n    \r\n    .legacy-block p { \r\n        font-family: var(--font-body);\r\n        color: var(--text-secondary); \r\n        font-size: 1rem; \r\n        line-height: 1.6;\r\n    }\r\n\r\n    \/* Responsive - Mobile *\/\r\n    @media (max-width: 768px) {\r\n        .legacy-flex { grid-template-columns: 1fr; }\r\n        .legacy-img-container { max-height: 400px; order: 2; margin-top: 20px;}\r\n        .legacy-content { order: 1; }\r\n    }\r\n<\/style>\r\n\r\n<section class=\"section-legacy\">\r\n    <div class=\"container legacy-flex\">\r\n        <div class=\"legacy-img-container\">\r\n            <img decoding=\"async\" src=\"https:\/\/easarte.com\/wp-content\/uploads\/2026\/02\/ASG-2374.webp\" class=\"legacy-img-full\" alt=\"Planeaci\u00f3n de Legado\">\r\n        <\/div>\r\n        \r\n        <div class=\"legacy-content\">\r\n            <h2>Legacy and<br>Successions<\/h2>\r\n            \r\n            <div class=\"legacy-block\">\r\n                <h4>Collection Planning<\/h4>\r\n                <p>Comprehensive design for the future of a collection or archive. We conduct heritage assessments, legacy protocols, and long-term curatorial plans to ensure the enduring legacy of the artwork.<\/p>\r\n            <\/div>\r\n            \r\n            <div class=\"legacy-block\">\r\n                <h4>Legal and Notarial Articulation<\/h4>\r\n                <p>Cultural translation of heritage into legal language. We coordinate processes with lawyers, notaries, and tax specialists for the documentary organization of wills and estates.<\/p>\r\n            <\/div>\r\n            \r\n            <div class=\"legacy-block\">\r\n                <h4>Financial Structuring<\/h4>\r\n                <p>Asset optimization and collection valuation. We prepare the necessary technical structure for the creation of foundations, trusts, or strategic donations.<\/p>\r\n            <\/div>\r\n        <\/div>\r\n    <\/div>\r\n<\/section>\t\t\t\t<\/div>\n\t\t\t\t\t<\/div>\n\t\t<\/div>\n\t\t\t\t\t<\/div>\n\t\t<\/section>\n\t\t\t\t<\/div>","protected":false},"excerpt":{"rendered":"<p>Legado ySucesiones Planeaci\u00f3n de Acervos Dise\u00f1o integral del futuro de una colecci\u00f3n o acervo. Realizamos diagn\u00f3sticos patrimoniales, protocolos de legado y planes curatoriales de largo plazo para asegurar la trascendencia de la obra. Articulaci\u00f3n Legal y Notarial Traducci\u00f3n cultural del patrimonio al lenguaje legal. Coordinamos procesos con abogados, notarios y fiscalistas para la organizaci\u00f3n documental [&hellip;]<\/p>\n","protected":false},"author":1,"featured_media":0,"parent":0,"menu_order":0,"comment_status":"closed","ping_status":"closed","template":"","meta":{"footnotes":""},"class_list":["post-963","page","type-page","status-publish","hentry"],"_links":{"self":[{"href":"https:\/\/easarte.com\/en\/wp-json\/wp\/v2\/pages\/963","targetHints":{"allow":["GET"]}}],"collection":[{"href":"https:\/\/easarte.com\/en\/wp-json\/wp\/v2\/pages"}],"about":[{"href":"https:\/\/easarte.com\/en\/wp-json\/wp\/v2\/types\/page"}],"author":[{"embeddable":true,"href":"https:\/\/easarte.com\/en\/wp-json\/wp\/v2\/users\/1"}],"replies":[{"embeddable":true,"href":"https:\/\/easarte.com\/en\/wp-json\/wp\/v2\/comments?post=963"}],"version-history":[{"count":13,"href":"https:\/\/easarte.com\/en\/wp-json\/wp\/v2\/pages\/963\/revisions"}],"predecessor-version":[{"id":2150,"href":"https:\/\/easarte.com\/en\/wp-json\/wp\/v2\/pages\/963\/revisions\/2150"}],"wp:attachment":[{"href":"https:\/\/easarte.com\/en\/wp-json\/wp\/v2\/media?parent=963"}],"curies":[{"name":"wp","href":"https:\/\/api.w.org\/{rel}","templated":true}]}}